{"id":211957,"date":"2018-02-25T11:20:45","date_gmt":"2018-02-25T10:20:45","guid":{"rendered":"https:\/\/www.vibia.com\/politica-de-privacidad\/"},"modified":"2019-10-16T09:22:52","modified_gmt":"2019-10-16T08:22:52","slug":"daten-schutz","status":"publish","type":"page","link":"https:\/\/vibia.dev\/de\/daten-schutz\/","title":{"rendered":"Datenschutzrichtlinie"},"content":{"rendered":"<div class=\"fusion-fullwidth fullwidth-box fusion-builder-row-1 fusion-flex-container about-w10 perfil-salmo nonhundred-percent-fullwidth non-hundred-percent-height-scrolling\" style=\"background-color: #ffffff;background-position: center center;background-repeat: no-repeat;border-width: 0px 0px 0px 0px;border-color:#ffffff;border-style:solid;\" ><div class=\"fusion-builder-row fusion-row fusion-flex-align-items-flex-start\" style=\"max-width:1838.72px;margin-left: calc(-4% \/ 2 );margin-right: calc(-4% \/ 2 );\"><div class=\"fusion-layout-column fusion_builder_column fusion-builder-column-0 fusion_builder_column_2_3 2_3 fusion-flex-column\"><div class=\"fusion-column-wrapper fusion-flex-justify-content-flex-start fusion-content-layout-column\" style=\"background-position:left top;background-repeat:no-repeat;-webkit-background-size:cover;-moz-background-size:cover;-o-background-size:cover;background-size:cover;padding: 0px 0px 0px 0px;\"><style type=\"text\/css\">@media only screen and (max-width:1024px) {.fusion-title.fusion-title-1{margin-top:0px!important; margin-right:0px!important;margin-bottom:20px!important;margin-left:0px!important;}}@media only screen and (max-width:768px) {.fusion-title.fusion-title-1{margin-top:0px!important; margin-right:0px!important;margin-bottom:20px!important; margin-left:0px!important;}}<\/style><div class=\"fusion-title title fusion-title-1 fusion-sep-none fusion-title-text fusion-title-size-two\" style=\"margin-top:0px;margin-right:0px;margin-bottom:20px;margin-left:0px;\"><h2 class=\"title-heading-left fusion-responsive-typography-calculated\" style=\"margin:0;--fontSize:35;line-height:1.3;\">Basisinformation zum Datenschutz:<\/h2><\/div>\n<div class=\"table-2\">\n<table width=\"100%\">\n<tbody>\n<tr style=\"border-bottom: 2px solid #DBA89B!important;\">\n<td class=\"columna-privacidad\" align=\"left\"><strong>Verantwortliche Stelle<\/strong><\/td>\n<td align=\"left\">VIBIA LIGHTING, Ltd.<\/td>\n<td align=\"left\"><a href=\"#author\">+info<\/a><\/td>\n<\/tr>\n<tr style=\"border-bottom: 2px solid #DBA89B!important;\">\n<td class=\"columna-privacidad\" align=\"left\"><strong>Zweck<\/strong><\/td>\n<td align=\"left\">Registrierung auf der Plattform von VIBIA<\/td>\n<td align=\"left\"><a href=\"#purpose\">+info<\/a><\/td>\n<\/tr>\n<tr style=\"border-bottom: 2px solid #DBA89B!important;\">\n<td class=\"columna-privacidad\" align=\"left\"><strong>Legitimierung<\/strong><\/td>\n<td align=\"left\">Einwilligung des\/der Betroffenen<\/td>\n<td align=\"left\"><a href=\"#legitimating\">+info<\/a><\/td>\n<\/tr>\n<tr style=\"border-bottom: 2px solid #DBA89B!important;\">\n<td class=\"columna-privacidad\" align=\"left\"><strong>Empf\u00e4nger<\/strong><\/td>\n<td align=\"left\">Auftragsverarbeiter au\u00dferhalb der EU, die dem EU-US Privacy Shield unterliegen<\/td>\n<td align=\"left\"><a href=\"#recipients\">+info<\/a><\/td>\n<\/tr>\n<tr style=\"border-bottom: 2px solid #DBA89B!important;\">\n<td class=\"columna-privacidad\" align=\"left\"><strong>Rechte<\/strong><\/td>\n<td align=\"left\">Sie k\u00f6nnen Ihre Rechte auf Zugang, Berichtigung, L\u00f6schung, Widerspruch, \u00dcbermittlung und Einschr\u00e4nkung der Verarbeitung sowie andere Rechte bzgl. Ihrer personenbezogenen Daten geltend machen wie in der Zusatzinformation beschrieben.<\/td>\n<td align=\"left\"><a href=\"#rights\">+info<\/a><\/td>\n<\/tr>\n<tr style=\"border-bottom: 2px solid #DBA89B!important;\">\n<td class=\"columna-privacidad\" align=\"left\"><strong>Herkunft<\/strong><\/td>\n<td align=\"left\">Bei Registrierung oder Anmeldung \u00fcber die sozialen Netzwerke Facebook oder Linkedin werden die f\u00fcr die Registrierung erforderlichen personenbezogenen Daten von diesen Plattformen \u00fcbernommen.<\/td>\n<td align=\"left\"><a href=\"#source\">+info<\/a><\/td>\n<\/tr>\n<tr style=\"border-bottom: 2px solid #DBA89B!important;\">\n<td class=\"columna-privacidad\" align=\"left\"><strong>Zusatzinformation<\/strong><\/td>\n<td align=\"left\">Detaillierte Zusatzinformation \u00fcber Datenschutz erhalten Sie auf unserer Website: https:\/\/vibia.com\/de\/daten-schutz<\/td>\n<td align=\"left\"><a href=\"#info\">+info<\/a><\/td>\n<\/tr>\n<\/tbody>\n<\/table>\n<\/div>\n<\/div><style type=\"text\/css\">.fusion-body .fusion-builder-column-0{width:66.666666666667% !important;margin-top : 20px;margin-bottom : 20px;}.fusion-builder-column-0 > .fusion-column-wrapper {padding-top : 0px !important;padding-right : 0px !important;margin-right : 2.88%;padding-bottom : 0px !important;padding-left : 0px !important;margin-left : 2.88%;}@media only screen and (max-width:1024px) {.fusion-body .fusion-builder-column-0{width:100% !important;}.fusion-builder-column-0 > .fusion-column-wrapper {margin-right : 1.92%;margin-left : 1.92%;}}@media only screen and (max-width:768px) {.fusion-body .fusion-builder-column-0{width:100% !important;}.fusion-builder-column-0 > .fusion-column-wrapper {margin-right : 1.92%;margin-left : 1.92%;}}<\/style><\/div><div class=\"fusion-layout-column fusion_builder_column fusion-builder-column-1 fusion_builder_column_2_3 2_3 fusion-flex-column\"><div class=\"fusion-column-wrapper fusion-flex-justify-content-flex-start fusion-content-layout-column\" style=\"background-position:left top;background-repeat:no-repeat;-webkit-background-size:cover;-moz-background-size:cover;-o-background-size:cover;background-size:cover;padding: 0px 0px 0px 0px;\"><div class=\"fusion-menu-anchor\" id=\"author\"><\/div><div class=\"fusion-text fusion-text-1\"><h2>Verantwortliche Stelle<\/h2>\n<p>Die verantwortliche Stelle f\u00fcr die Erhebung und Verarbeitung Ihrer personenbezogenen Daten ist unser Unternehmen:<\/p>\n<ul>\n<li>&#8211; Firmenname: VIBIA LIGHTING, Ltd. &#8211; B66241035 (VIBIA)<\/li>\n<li>&#8211; E-Mail-Adresse: <a href=\"mailto:privacy@vibia.com\">privacy@vibia.com<\/a><\/li>\n<li>&#8211; Telefon: (34) 934 796 970<\/li>\n<li>&#8211; Firmensitz: C\/ Progr\u00e9s 4-6, 08850, Gav\u00e0 \u2013 Barcelona &#8211; Spain<\/li>\n<\/ul>\n<\/div><\/div><style type=\"text\/css\">.fusion-body .fusion-builder-column-1{width:66.666666666667% !important;margin-top : 20px;margin-bottom : 20px;}.fusion-builder-column-1 > .fusion-column-wrapper {padding-top : 0px !important;padding-right : 0px !important;margin-right : 2.88%;padding-bottom : 0px !important;padding-left : 0px !important;margin-left : 2.88%;}@media only screen and (max-width:1024px) {.fusion-body .fusion-builder-column-1{width:100% !important;}.fusion-builder-column-1 > .fusion-column-wrapper {margin-right : 1.92%;margin-left : 1.92%;}}@media only screen and (max-width:768px) {.fusion-body .fusion-builder-column-1{width:100% !important;}.fusion-builder-column-1 > .fusion-column-wrapper {margin-right : 1.92%;margin-left : 1.92%;}}<\/style><\/div><div class=\"fusion-layout-column fusion_builder_column fusion-builder-column-2 fusion_builder_column_2_3 2_3 fusion-flex-column\"><div class=\"fusion-column-wrapper fusion-flex-justify-content-flex-start fusion-content-layout-column\" style=\"background-position:left top;background-repeat:no-repeat;-webkit-background-size:cover;-moz-background-size:cover;-o-background-size:cover;background-size:cover;padding: 0px 0px 0px 0px;\"><div class=\"fusion-menu-anchor\" id=\"purpose\"><\/div><div class=\"fusion-text fusion-text-2\"><h2>Zweck der Datenerhebung:<\/h2>\n<p>Wir informieren Sie dar\u00fcber, dass die von Ihnen zur Verf\u00fcgung gestellten personenbezogenen Daten zum Zweck Ihrer Registrierung auf der Plattform von VIBIA verwendet werden; durch Ihre Registrierung erhalten Sie ein Nutzerkonto, \u00fcber das Sie u. a. Informationen \u00fcber Produkte und Projekte herunterladen k\u00f6nnen sowie Zugang zu unserer Software f\u00fcr die Kreation von Produkt- und Raumdesign erhalten.<\/p>\n<p>Sofern Sie uns Ihre Einwilligung erteilen, Ihnen kommerzielle Kommunikationen oder Newsletter zuzusenden, werden wir auf der Grundlage der uns zur Verf\u00fcgung gestellten Daten ein \u201ekommerzielles Profil\u201c erstellen zu dem alleinigen Zweck, Ihnen auf Ihre Interessen zugeschnittene Produkte und Dienstleistungen anbieten zu k\u00f6nnen.<\/p>\n<p>Wir verpflichten uns, Ihnen jeden anderen Zweck mitzuteilen, bevor wir Ihre Daten dazu verwenden.<\/p>\n<p>Die uns zur Verf\u00fcgung gestellten personenbezogenen Daten werden nur solange gespeichert, wie es f\u00fcr die Erf\u00fcllung des Zwecks der Datenerhebung erforderlich ist, unbeschadet der Aufbewahrungsfristen zur Vorlage der Daten bei einer Aufsichtsbeh\u00f6rde sowie zur Verteidigung von Rechtsanspr\u00fcchen. In diesem Fall bleiben die Daten gesperrt, bis die Verj\u00e4hrungsfrist abgelaufen ist und sie endg\u00fcltig gel\u00f6scht werden.<\/p>\n<p>Beim Newsletter-Versand endet die Datenverwendung, wenn der Nutzer w\u00e4hrend eines Zeitraums von 10 Jahren keine neue Kommunikation ge\u00f6ffnet hat.<\/p>\n<\/div><\/div><style type=\"text\/css\">.fusion-body .fusion-builder-column-2{width:66.666666666667% !important;margin-top : 20px;margin-bottom : 20px;}.fusion-builder-column-2 > .fusion-column-wrapper {padding-top : 0px !important;padding-right : 0px !important;margin-right : 2.88%;padding-bottom : 0px !important;padding-left : 0px !important;margin-left : 2.88%;}@media only screen and (max-width:1024px) {.fusion-body .fusion-builder-column-2{width:100% !important;}.fusion-builder-column-2 > .fusion-column-wrapper {margin-right : 1.92%;margin-left : 1.92%;}}@media only screen and (max-width:768px) {.fusion-body .fusion-builder-column-2{width:100% !important;}.fusion-builder-column-2 > .fusion-column-wrapper {margin-right : 1.92%;margin-left : 1.92%;}}<\/style><\/div><div class=\"fusion-layout-column fusion_builder_column fusion-builder-column-3 fusion_builder_column_2_3 2_3 fusion-flex-column\"><div class=\"fusion-column-wrapper fusion-flex-justify-content-flex-start fusion-content-layout-column\" style=\"background-position:left top;background-repeat:no-repeat;-webkit-background-size:cover;-moz-background-size:cover;-o-background-size:cover;background-size:cover;padding: 0px 0px 0px 0px;\"><div class=\"fusion-menu-anchor\" id=\"legitimating\"><\/div><div class=\"fusion-text fusion-text-3\"><h2>Legitimierung der Datenverarbeitung:<\/h2>\n<p>Die gesetzliche Grundlage f\u00fcr die Verarbeitung Ihrer personenbezogenen Daten ist die Einwilligungserkl\u00e4rung.<\/p>\n<p>Wenn Sie uns dar\u00fcber hinaus durch Ankreuzen des entsprechenden Zusatzk\u00e4stchens Ihre Zustimmung zum Erhalt kommerzieller Kommunikationen erteilen, verarbeiten wir au\u00dferdem die Daten, die im Rahmen Ihrer Zustimmung und zur Erf\u00fcllung des genannten Zwecks erforderlich sind. Sie k\u00f6nnen Ihre Zustimmung zum Erhalt kommerzieller Kommunikationen jederzeit und in jeder unserer Kommunikationen widerrufen, indem Sie den zu diesem Zweck bereitgestellten Link anklicken oder uns den Widerruf Ihrer Zustimmung per Mail mitteilen.<\/p>\n<p>Der Widerruf Ihrer Zustimmung zum Erhalt kommerzieller Kommunikationen betrifft in keiner Weise die Verarbeitung der f\u00fcr den Hauptzweck verwendeten personenbezogenen Daten.<\/p>\n<\/div><\/div><style type=\"text\/css\">.fusion-body .fusion-builder-column-3{width:66.666666666667% !important;margin-top : 20px;margin-bottom : 20px;}.fusion-builder-column-3 > .fusion-column-wrapper {padding-top : 0px !important;padding-right : 0px !important;margin-right : 2.88%;padding-bottom : 0px !important;padding-left : 0px !important;margin-left : 2.88%;}@media only screen and (max-width:1024px) {.fusion-body .fusion-builder-column-3{width:100% !important;}.fusion-builder-column-3 > .fusion-column-wrapper {margin-right : 1.92%;margin-left : 1.92%;}}@media only screen and (max-width:768px) {.fusion-body .fusion-builder-column-3{width:100% !important;}.fusion-builder-column-3 > .fusion-column-wrapper {margin-right : 1.92%;margin-left : 1.92%;}}<\/style><\/div><div class=\"fusion-layout-column fusion_builder_column fusion-builder-column-4 fusion_builder_column_2_3 2_3 fusion-flex-column\"><div class=\"fusion-column-wrapper fusion-flex-justify-content-flex-start fusion-content-layout-column\" style=\"background-position:left top;background-repeat:no-repeat;-webkit-background-size:cover;-moz-background-size:cover;-o-background-size:cover;background-size:cover;padding: 0px 0px 0px 0px;\"><div class=\"fusion-menu-anchor\" id=\"recipients\"><\/div><div class=\"fusion-text fusion-text-4\"><h2>Empf\u00e4nger:<\/h2>\n<p>Ihre personenbezogenen Daten werden weder verkauft noch vermietet oder Dritten auf andere Weise zur Verf\u00fcgung gestellt. In konkreten F\u00e4llen erhalten bestimmte Dienstleister, die f\u00fcr unser Unternehmen t\u00e4tig sind, beispielsweise f\u00fcr den Versand der Newsletter, Zugang zu Ihren personenbezogenen Daten, doch in keinem Fall werden die Dienstleister diese Daten f\u00fcr eigene Zwecke verwenden. \u00dcber <a href=\"mailto:privacy@vibia.com\">privacy@vibia.com<\/a> k\u00f6nnen Sie die komplette Liste aller Firmen anfordern, die im Rahmen der Datenverarbeitung Zugang zu Ihren personenbezogenen Daten erhalten k\u00f6nnen.<\/p>\n<p>Sollte ein f\u00fcr unser Unternehmen t\u00e4tiger Dienstleister personenbezogene Daten in einem Drittland verarbeiten, werden wir s\u00e4mtliche uns zur Verf\u00fcgung stehenden Kontrollma\u00dfnahmen einsetzen, um Ihre personenbezogenen Daten zu sch\u00fctzen. Die wichtigsten Ma\u00dfnahmen unseres Unternehmens im Fall einer internationalen Daten\u00fcbermittlung sind: die Unterzeichnung der von der Europ\u00e4ischen Kommission genehmigten Standardvertragsklauseln, der Beitritt zu internationalen \u00dcbereinkommen, wie etwa dem EU-US Privacy Shield, sowie die Beantragung von Zertifizierungen oder genehmigten und allgemein anerkannten Verhaltensregeln. \u00dcber <a href=\"mailto:privacy@vibia.com\">privacy@vibia.com<\/a> k\u00f6nnen Sie die Liste aller Firmen anfordern, die Daten in einem Drittland verarbeiten.<\/p>\n<p>Nachstehend eine Aufstellung \u00fcber die verschiedenen Kategorien von Dienstleistern, die aufgrund der von ihnen erbrachten Dienstleistungen Zugang zu Ihren personenbezogenen Daten haben k\u00f6nnen:<\/p>\n<ul>\n<li>&#8211; E-Mail-Marketing<\/li>\n<li>&#8211; Hosting-Anbieter<\/li>\n<li>&#8211; Werbeplattformen<\/li>\n<\/ul>\n<\/div><\/div><style type=\"text\/css\">.fusion-body .fusion-builder-column-4{width:66.666666666667% !important;margin-top : 20px;margin-bottom : 20px;}.fusion-builder-column-4 > .fusion-column-wrapper {padding-top : 0px !important;padding-right : 0px !important;margin-right : 2.88%;padding-bottom : 0px !important;padding-left : 0px !important;margin-left : 2.88%;}@media only screen and (max-width:1024px) {.fusion-body .fusion-builder-column-4{width:100% !important;}.fusion-builder-column-4 > .fusion-column-wrapper {margin-right : 1.92%;margin-left : 1.92%;}}@media only screen and (max-width:768px) {.fusion-body .fusion-builder-column-4{width:100% !important;}.fusion-builder-column-4 > .fusion-column-wrapper {margin-right : 1.92%;margin-left : 1.92%;}}<\/style><\/div><div class=\"fusion-layout-column fusion_builder_column fusion-builder-column-5 fusion_builder_column_2_3 2_3 fusion-flex-column\"><div class=\"fusion-column-wrapper fusion-flex-justify-content-flex-start fusion-content-layout-column\" style=\"background-position:left top;background-repeat:no-repeat;-webkit-background-size:cover;-moz-background-size:cover;-o-background-size:cover;background-size:cover;padding: 0px 0px 0px 0px;\"><div class=\"fusion-menu-anchor\" id=\"rights\"><\/div><div class=\"fusion-text fusion-text-5\"><h2>Rechte:<\/h2>\n<p>Gem\u00e4\u00df geltender Vorschriften haben Sie folgende Rechte:<\/p>\n<ul>\n<li><strong>&#8211; das Recht auf Zugang (Informationsrecht):<\/strong> Sie haben das Recht, die personenbezogenen Daten zu kennen, die wir zu Ihrer Person verarbeiten.<\/li>\n<li><strong>&#8211; das Recht auf Berichtigung:<\/strong> Sie haben das Recht, alle nicht korrekten oder unvollst\u00e4ndigen Daten zu berichtigen oder zu erg\u00e4nzen.<\/li>\n<li><strong>&#8211; das Recht auf L\u00f6schung:<\/strong> Sie k\u00f6nnen verlangen, dass Ihre personenbezogenen Daten in unseren Systemen und Archiven gel\u00f6scht werden.<\/li>\n<li><strong>&#8211; das Recht auf Widerspruch:<\/strong> Sie k\u00f6nnen der Verwendung Ihrer personenbezogenen Daten f\u00fcr Direktmarketing-Aktionen jederzeit widersprechen. Dasselbe gilt, wenn Sie pers\u00f6nliche Gr\u00fcnde f\u00fcr den Widerspruch haben, es sei denn der Grund f\u00fcr die Verarbeitung der Daten ist ein berechtigtes Interesse.<\/li>\n<li><strong>&#8211; das Recht auf Einschr\u00e4nkung der Verarbeitung:<\/strong> Sie k\u00f6nnen die Einschr\u00e4nkung der Datenverarbeitung verlangen, wenn Sie deren Korrektheit oder Rechtm\u00e4\u00dfigkeit anzweifeln, Ihre personenbezogenen Daten aber nicht l\u00f6schen, sondern stattdessen deren Gebrauch lediglich einschr\u00e4nken wollen. Dasselbe gilt, wenn die personenbezogenen Daten f\u00fcr die Verarbeitung nicht mehr erforderlich sind, Sie diese Daten jedoch f\u00fcr die Geltendmachung, Aus\u00fcbung oder Verteidigung von Rechtsanspr\u00fcchen ben\u00f6tigen. Das Recht auf Einschr\u00e4nkung gilt au\u00dferdem im Fall des Widerspruchs gegen die Verarbeitung, solange \u00fcberpr\u00fcft wird, ob das berechtigte Interesse des Verantwortlichen Vorrang vor dem Recht des Betroffenen hat.<\/li>\n<li><strong>&#8211; das Recht auf \u00dcbermittlung Ihrer Daten:<\/strong> Sie haben das Recht, eine Kopie aller Daten zu erhalten, die Sie uns bereitgestellt haben, und k\u00f6nnen verlangen, dass Ihre personenbezogenen Daten an einen anderen Verantwortlichen der Verarbeitung \u00fcbermittelt werden, sofern das technisch machbar ist.<\/li>\n<\/ul>\n<p>Bei der Wahrnehmung dieser Rechte entstehen Ihnen keinerlei Kosten; au\u00dferdem k\u00f6nnen Sie jederzeit die erteilte Einwilligung widerrufen, indem Sie sich \u00fcber einen der nachstehend genannten Kan\u00e4le an uns wenden und eine Kopie Ihres Personalausweises beif\u00fcgen &#8211; bzw. eines gleichwertigen Dokuments, das Ihre Identit\u00e4t bescheinigt:<\/p>\n<ol>\n<li>Per E-Mail an die Adresse <a href=\"mailto:privacy@vibia.com\">privacy@vibia.com<\/a><\/li>\n<li>Per Briefpost an das Comit\u00e9 de Protecci\u00f3n de Datos y Seguridad de la informaci\u00f3n de VIBIA LIGHTING, S.L., mit Sitz in C\/ Progr\u00e9s 4-6, 08850, Gav\u00e0, Barcelona.<\/li>\n<\/ol>\n<p>Auch wenn Sie Fragen oder Anmerkungen zur Verarbeitung Ihrer personenbezogenen Daten haben, k\u00f6nnen Sie sich an die Adressen wenden, die wir Ihnen zwecks Wahrnehmung Ihrer Rechte genannt haben.<\/p>\n<p>Ferner haben Sie das Recht, Beschwerde vor der in Spanien f\u00fcr Datenschutz zust\u00e4ndigen Beh\u00f6rde, der Agencia Espa\u00f1ola de Protecci\u00f3n de Datos\u2018 (AEPD), einzulegen, wenn Sie der Meinung sind, dass Ihre personenbezogenen Daten nicht korrekt verarbeitet wurden.<\/p>\n<\/div><\/div><style type=\"text\/css\">.fusion-body .fusion-builder-column-5{width:66.666666666667% !important;margin-top : 20px;margin-bottom : 20px;}.fusion-builder-column-5 > .fusion-column-wrapper {padding-top : 0px !important;padding-right : 0px !important;margin-right : 2.88%;padding-bottom : 0px !important;padding-left : 0px !important;margin-left : 2.88%;}@media only screen and (max-width:1024px) {.fusion-body .fusion-builder-column-5{width:100% !important;}.fusion-builder-column-5 > .fusion-column-wrapper {margin-right : 1.92%;margin-left : 1.92%;}}@media only screen and (max-width:768px) {.fusion-body .fusion-builder-column-5{width:100% !important;}.fusion-builder-column-5 > .fusion-column-wrapper {margin-right : 1.92%;margin-left : 1.92%;}}<\/style><\/div><div class=\"fusion-layout-column fusion_builder_column fusion-builder-column-6 fusion_builder_column_2_3 2_3 fusion-flex-column\"><div class=\"fusion-column-wrapper fusion-flex-justify-content-flex-start fusion-content-layout-column\" style=\"background-position:left top;background-repeat:no-repeat;-webkit-background-size:cover;-moz-background-size:cover;-o-background-size:cover;background-size:cover;padding: 0px 0px 0px 0px;\"><div class=\"fusion-menu-anchor\" id=\"source\"><\/div><div class=\"fusion-text fusion-text-6\"><h2>Herkunft der Daten<\/h2>\n<p>Wir weisen Sie darauf hin, dass wir die zur Verarbeitung erforderlichen personenbezogenen Daten \u00fcber eine andere Firma beziehen, wenn Sie sich \u00fcber die Option \u201eRegistrierung \u00fcber soziale Netzwerke\u201c registrieren. Je nach der von Ihnen gew\u00e4hlten Registrierungsmethode werden Ihre Daten von einem der folgenden Unternehmen zur Verf\u00fcgung gestellt:<\/p>\n<ul>\n<li>&#8211; Facebook Ireland, Ltd. (Facebook)<\/li>\n<li>&#8211; Linkedin Ireland Unlimited Company (Linkedin)<\/li>\n<\/ul>\n<p>Datenkategorien<\/p>\n<ul>\n<li>&#8211; Identifizierungsdaten<\/li>\n<li>&#8211; Kontaktdaten<\/li>\n<\/ul>\n<p>Besonders gesch\u00fctzte Daten werden nicht verarbeitet.<\/p>\n<\/div><\/div><style type=\"text\/css\">.fusion-body .fusion-builder-column-6{width:66.666666666667% !important;margin-top : 20px;margin-bottom : 20px;}.fusion-builder-column-6 > .fusion-column-wrapper {padding-top : 0px !important;padding-right : 0px !important;margin-right : 2.88%;padding-bottom : 0px !important;padding-left : 0px !important;margin-left : 2.88%;}@media only screen and (max-width:1024px) {.fusion-body .fusion-builder-column-6{width:100% !important;}.fusion-builder-column-6 > .fusion-column-wrapper {margin-right : 1.92%;margin-left : 1.92%;}}@media only screen and (max-width:768px) {.fusion-body .fusion-builder-column-6{width:100% !important;}.fusion-builder-column-6 > .fusion-column-wrapper {margin-right : 1.92%;margin-left : 1.92%;}}<\/style><\/div><div class=\"fusion-layout-column fusion_builder_column fusion-builder-column-7 fusion_builder_column_2_3 2_3 fusion-flex-column\"><div class=\"fusion-column-wrapper fusion-flex-justify-content-flex-start fusion-content-layout-column\" style=\"background-position:left top;background-repeat:no-repeat;-webkit-background-size:cover;-moz-background-size:cover;-o-background-size:cover;background-size:cover;padding: 0px 0px 0px 0px;\"><div class=\"fusion-menu-anchor\" id=\"info\"><\/div><div class=\"fusion-text fusion-text-7\"><h2>Vertraulichkeit und Sicherheit bei der Verarbeitung personenbezogener Daten<\/h2>\n<p>Wir verpflichten uns, s\u00e4mtliche uns zur Verf\u00fcgung gestellten personenbezogenen Daten streng vertraulich zu behandeln. Unser Unternehmen hat alle verf\u00fcgbaren technischen und organisatorischen Mittel bereitgestellt, damit Verlust, Missbrauch, nicht erlaubter Zugriff, Ver\u00e4nderung oder Vervielf\u00e4ltigung der uns zur Verf\u00fcgung gestellten personenbezogenen Daten unter allen Umst\u00e4nden vermieden werden.<\/p>\n<\/div><\/div><style type=\"text\/css\">.fusion-body .fusion-builder-column-7{width:66.666666666667% !important;margin-top : 20px;margin-bottom : 20px;}.fusion-builder-column-7 > .fusion-column-wrapper {padding-top : 0px !important;padding-right : 0px !important;margin-right : 3.84%;padding-bottom : 0px !important;padding-left : 0px !important;margin-left : 2.88%;}@media only screen and (max-width:1024px) {.fusion-body .fusion-builder-column-7{width:100% !important;}.fusion-builder-column-7 > .fusion-column-wrapper {margin-right : 1.92%;margin-left : 1.92%;}}@media only screen and (max-width:768px) {.fusion-body .fusion-builder-column-7{width:100% !important;}.fusion-builder-column-7 > .fusion-column-wrapper {margin-right : 1.92%;margin-left : 1.92%;}}<\/style><\/div><\/div><style type=\"text\/css\">.fusion-body .fusion-flex-container.fusion-builder-row-1{ padding-top : 0px;margin-top : 0px;padding-right : 30px;padding-bottom : 60px;margin-bottom : 0px;padding-left : 30px;}<\/style><\/div>\n","protected":false},"excerpt":{"rendered":"","protected":false},"author":277279,"featured_media":0,"parent":0,"menu_order":0,"comment_status":"closed","ping_status":"closed","template":"","meta":[],"acf":[],"_links":{"self":[{"href":"https:\/\/vibia.dev\/de\/wp-json\/wp\/v2\/pages\/211957"}],"collection":[{"href":"https:\/\/vibia.dev\/de\/wp-json\/wp\/v2\/pages"}],"about":[{"href":"https:\/\/vibia.dev\/de\/wp-json\/wp\/v2\/types\/page"}],"author":[{"embeddable":true,"href":"https:\/\/vibia.dev\/de\/wp-json\/wp\/v2\/users\/277279"}],"replies":[{"embeddable":true,"href":"https:\/\/vibia.dev\/de\/wp-json\/wp\/v2\/comments?post=211957"}],"version-history":[{"count":11,"href":"https:\/\/vibia.dev\/de\/wp-json\/wp\/v2\/pages\/211957\/revisions"}],"predecessor-version":[{"id":233102,"href":"https:\/\/vibia.dev\/de\/wp-json\/wp\/v2\/pages\/211957\/revisions\/233102"}],"wp:attachment":[{"href":"https:\/\/vibia.dev\/de\/wp-json\/wp\/v2\/media?parent=211957"}],"curies":[{"name":"wp","href":"https:\/\/api.w.org\/{rel}","templated":true}]}}