{"id":269644,"date":"2022-06-14T08:20:10","date_gmt":"2022-06-14T07:20:10","guid":{"rendered":"https:\/\/pre.vibia.com\/work-with-us\/"},"modified":"2025-01-27T11:49:50","modified_gmt":"2025-01-27T10:49:50","slug":"work-with-us","status":"publish","type":"page","link":"https:\/\/vibia.dev\/de\/work-with-us\/","title":{"rendered":"Work With Us"},"content":{"rendered":"<div class=\"fusion-fullwidth fullwidth-box fusion-builder-row-1 fusion-flex-container has-pattern-background has-mask-background belowsticky about-us nonhundred-percent-fullwidth non-hundred-percent-height-scrolling\" style=\"background-color: var(--awb-color3);background-position: center center;background-repeat: no-repeat;border-width: 0px 0px 0px 0px;border-color:#ffffff;border-style:solid;\" ><div class=\"fusion-builder-row fusion-row fusion-flex-align-items-flex-start fusion-flex-justify-content-flex-end\" style=\"max-width:1838.72px;margin-left: calc(-4% \/ 2 );margin-right: calc(-4% \/ 2 );\"><div class=\"fusion-layout-column fusion_builder_column fusion-builder-column-0 fusion_builder_column_1_1 1_1 fusion-flex-column fusion-flex-align-self-center\"><div class=\"fusion-column-wrapper fusion-flex-justify-content-center fusion-content-layout-column\" style=\"background-position:left top;background-repeat:no-repeat;-webkit-background-size:cover;-moz-background-size:cover;-o-background-size:cover;background-size:cover;padding: 0px 0px 0px 0px;\"><style type=\"text\/css\">@media only screen and (max-width:1024px) {.fusion-title.fusion-title-1{margin-top:0px!important; margin-right:0px!important;margin-bottom:20px!important;margin-left:0px!important;}}@media only screen and (max-width:768px) {.fusion-title.fusion-title-1{margin-top:0px!important; margin-right:0px!important;margin-bottom:20px!important; margin-left:0px!important;}}<\/style><div class=\"fusion-title title fusion-title-1 fusion-sep-none fusion-title-center fusion-title-text fusion-title-size-one max960\" style=\"font-size:var(--awb-typography1-font-size);margin-top:0px;margin-right:0px;margin-bottom:20px;margin-left:0px;\"><h1 class=\"title-heading-center fusion-responsive-typography-calculated\" style=\"font-family:var(--awb-typography1-font-family);font-weight:var(--awb-typography1-font-weight);font-style:var(--awb-typography1-font-style);margin:0;font-size:1em;letter-spacing:var(--awb-typography1-letter-spacing);text-transform:uppercase;--fontSize:60;line-height:1.1;\">Wir sind immer auf der Suche nach neuen Talenten f\u00fcr unser Team<\/h1><\/div><div class=\"fusion-separator fusion-no-small-visibility fusion-full-width-sep sep90\" style=\"align-self: center;margin-left: auto;margin-right: auto;width:100%;\"><\/div><div class=\"fusion-separator fusion-no-medium-visibility fusion-no-large-visibility fusion-full-width-sep sep40\" style=\"align-self: center;margin-left: auto;margin-right: auto;width:100%;\"><\/div><div class=\"fusion-separator fusion-full-width-sep pad20\" style=\"align-self: center;margin-left: auto;margin-right: auto;margin-top:20px;margin-bottom:0px;width:100%;\"><div class=\"fusion-separator-border sep-single sep-solid\" style=\"border-color:var(--awb-color8);border-top-width:1px;\"><\/div><\/div><\/div><style type=\"text\/css\">.fusion-body .fusion-builder-column-0{width:100% !important;margin-top : 0px;margin-bottom : 0px;}.fusion-builder-column-0 > .fusion-column-wrapper {padding-top : 0px !important;padding-right : 0px !important;margin-right : 1.92%;padding-bottom : 0px !important;padding-left : 0px !important;margin-left : 1.92%;}@media only screen and (max-width:1024px) {.fusion-body .fusion-builder-column-0{width:100% !important;order : 0;}.fusion-builder-column-0 > .fusion-column-wrapper {margin-right : 1.92%;margin-left : 1.92%;}}@media only screen and (max-width:768px) {.fusion-body .fusion-builder-column-0{width:100% !important;order : 0;}.fusion-builder-column-0 > .fusion-column-wrapper {margin-right : 1.92%;margin-left : 1.92%;}}<\/style><\/div><div class=\"fusion-layout-column fusion_builder_column fusion-builder-column-1 fusion_builder_column_1_3 1_3 fusion-flex-column\"><div class=\"fusion-column-wrapper fusion-flex-justify-content-flex-start fusion-content-layout-column\" style=\"background-position:left top;background-repeat:no-repeat;-webkit-background-size:cover;-moz-background-size:cover;-o-background-size:cover;background-size:cover;padding: 0px 0px 0px 0px;\"><div class=\"fusion-text fusion-text-1 medium\" style=\"text-align:left;font-size:22px;line-height:var(--awb-typography4-line-height);letter-spacing:var(--awb-typography4-letter-spacing);text-transform:var(--awb-typography4-text-transform);\"><p>Wer sind wir?<\/p>\n<\/div><\/div><style type=\"text\/css\">.fusion-body .fusion-builder-column-1{width:33.333333333333% !important;margin-top : 0px;margin-bottom : 20px;}.fusion-builder-column-1 > .fusion-column-wrapper {padding-top : 0px !important;padding-right : 0px !important;margin-right : 5.76%;padding-bottom : 0px !important;padding-left : 0px !important;margin-left : 5.76%;}@media only screen and (max-width:1024px) {.fusion-body .fusion-builder-column-1{width:100% !important;order : 0;}.fusion-builder-column-1 > .fusion-column-wrapper {margin-right : 1.92%;margin-left : 1.92%;}}@media only screen and (max-width:768px) {.fusion-body .fusion-builder-column-1{width:100% !important;order : 0;}.fusion-builder-column-1 > .fusion-column-wrapper {margin-right : 1.92%;margin-left : 1.92%;}}<\/style><\/div><div class=\"fusion-layout-column fusion_builder_column fusion-builder-column-2 fusion_builder_column_2_3 2_3 fusion-flex-column\"><div class=\"fusion-column-wrapper fusion-flex-justify-content-flex-start fusion-content-layout-column\" style=\"background-position:left top;background-repeat:no-repeat;-webkit-background-size:cover;-moz-background-size:cover;-o-background-size:cover;background-size:cover;padding: 0px 0px 0px 0px;\"><div class=\"fusion-text fusion-text-2\" style=\"text-align:left;font-size:18px;line-height:var(--awb-typography4-line-height);letter-spacing:var(--awb-typography4-letter-spacing);text-transform:var(--awb-typography4-text-transform);font-family:var(--awb-typography4-font-family);font-weight:var(--awb-typography4-font-weight);font-style:var(--awb-typography4-font-style);\"><p>Vibias Mission ist die Gestaltung stilvoller Atmosph\u00e4ren. Bei allem was wir tun, steht der Mensch f\u00fcr uns im Mittelpunkt, mit der Absicht, sein Leben zu verbessern und durch einen neuen, ganzheitlichen Ansatz im Lichtdesign Wohlsein zu erzeugen.<\/p>\n<\/div><div class=\"fusion-separator fusion-no-small-visibility fusion-full-width-sep\" style=\"align-self: center;margin-left: auto;margin-right: auto;width:100%;\"><\/div><\/div><style type=\"text\/css\">.fusion-body .fusion-builder-column-2{width:66.666666666667% !important;margin-top : 0px;margin-bottom : 20px;}.fusion-builder-column-2 > .fusion-column-wrapper {padding-top : 0px !important;padding-right : 0px !important;margin-right : 2.88%;padding-bottom : 0px !important;padding-left : 0px !important;margin-left : 2.88%;}@media only screen and (max-width:1024px) {.fusion-body .fusion-builder-column-2{width:100% !important;order : 0;}.fusion-builder-column-2 > .fusion-column-wrapper {margin-right : 1.92%;margin-left : 1.92%;}}@media only screen and (max-width:768px) {.fusion-body .fusion-builder-column-2{width:100% !important;order : 0;}.fusion-builder-column-2 > .fusion-column-wrapper {margin-right : 1.92%;margin-left : 1.92%;}}<\/style><\/div><div class=\"fusion-layout-column fusion_builder_column fusion-builder-column-3 fusion_builder_column_1_1 1_1 fusion-flex-column\"><div class=\"fusion-column-wrapper fusion-flex-justify-content-flex-start fusion-content-layout-column\" style=\"background-position:left top;background-repeat:no-repeat;-webkit-background-size:cover;-moz-background-size:cover;-o-background-size:cover;background-size:cover;padding: 0px 0px 0px 0px;\"><div class=\"fusion-separator fusion-full-width-sep pad20\" style=\"align-self: center;margin-left: auto;margin-right: auto;margin-top:20px;margin-bottom:0px;width:100%;\"><div class=\"fusion-separator-border sep-single sep-solid\" style=\"border-color:var(--awb-color8);border-top-width:1px;\"><\/div><\/div><\/div><style type=\"text\/css\">.fusion-body .fusion-builder-column-3{width:100% !important;margin-top : 0px;margin-bottom : 0px;}.fusion-builder-column-3 > .fusion-column-wrapper {padding-top : 0px !important;padding-right : 0px !important;margin-right : 1.92%;padding-bottom : 0px !important;padding-left : 0px !important;margin-left : 1.92%;}@media only screen and (max-width:1024px) {.fusion-body .fusion-builder-column-3{width:100% !important;order : 0;}.fusion-builder-column-3 > .fusion-column-wrapper {margin-right : 1.92%;margin-left : 1.92%;}}@media only screen and (max-width:768px) {.fusion-body .fusion-builder-column-3{width:100% !important;order : 0;}.fusion-builder-column-3 > .fusion-column-wrapper {margin-right : 1.92%;margin-left : 1.92%;}}<\/style><\/div><div class=\"fusion-layout-column fusion_builder_column fusion-builder-column-4 fusion_builder_column_1_3 1_3 fusion-flex-column\"><div class=\"fusion-column-wrapper fusion-flex-justify-content-flex-start fusion-content-layout-column\" style=\"background-position:left top;background-repeat:no-repeat;-webkit-background-size:cover;-moz-background-size:cover;-o-background-size:cover;background-size:cover;padding: 0px 0px 0px 0px;\"><div class=\"fusion-text fusion-text-3 medium\" style=\"text-align:left;font-size:22px;line-height:var(--awb-typography4-line-height);letter-spacing:var(--awb-typography4-letter-spacing);text-transform:var(--awb-typography4-text-transform);\"><p>Was bieten wir Ihnen?<\/p>\n<\/div><\/div><style type=\"text\/css\">.fusion-body .fusion-builder-column-4{width:33.333333333333% !important;margin-top : 0px;margin-bottom : 20px;}.fusion-builder-column-4 > .fusion-column-wrapper {padding-top : 0px !important;padding-right : 0px !important;margin-right : 5.76%;padding-bottom : 0px !important;padding-left : 0px !important;margin-left : 5.76%;}@media only screen and (max-width:1024px) {.fusion-body .fusion-builder-column-4{width:100% !important;order : 0;}.fusion-builder-column-4 > .fusion-column-wrapper {margin-right : 1.92%;margin-left : 1.92%;}}@media only screen and (max-width:768px) {.fusion-body .fusion-builder-column-4{width:100% !important;order : 0;}.fusion-builder-column-4 > .fusion-column-wrapper {margin-right : 1.92%;margin-left : 1.92%;}}<\/style><\/div><div class=\"fusion-layout-column fusion_builder_column fusion-builder-column-5 fusion_builder_column_2_3 2_3 fusion-flex-column\"><div class=\"fusion-column-wrapper fusion-flex-justify-content-flex-start fusion-content-layout-column\" style=\"background-position:left top;background-repeat:no-repeat;-webkit-background-size:cover;-moz-background-size:cover;-o-background-size:cover;background-size:cover;padding: 0px 0px 0px 0px;\"><div class=\"fusion-text fusion-text-4\" style=\"text-align:left;font-size:18px;line-height:var(--awb-typography4-line-height);letter-spacing:var(--awb-typography4-letter-spacing);text-transform:var(--awb-typography4-text-transform);font-family:var(--awb-typography4-font-family);font-weight:var(--awb-typography4-font-weight);font-style:var(--awb-typography4-font-style);\"><p>Bei Vibia finden Sie einen Raum, in dem Sie neue Herangehensweisen erfinden und entdecken k\u00f6nnen und noch dazu in einem kollaborativen Umfeld, wo jede Meinung angeh\u00f6rt und in Betracht gezogen wird. Kommen Sie in unser multidisziplin\u00e4res, internationales Team und lassen Sie sich von der gro\u00dfen Menge an Talent und Leidenschaft inspirieren.<\/p>\n<\/div><div class=\"fusion-separator fusion-no-small-visibility fusion-full-width-sep\" style=\"align-self: center;margin-left: auto;margin-right: auto;width:100%;\"><\/div><div class=\"fusion-separator fusion-no-medium-visibility fusion-no-large-visibility fusion-full-width-sep sep20\" style=\"align-self: center;margin-left: auto;margin-right: auto;width:100%;\"><\/div><\/div><style type=\"text\/css\">.fusion-body .fusion-builder-column-5{width:66.666666666667% !important;margin-top : 0px;margin-bottom : 20px;}.fusion-builder-column-5 > .fusion-column-wrapper {padding-top : 0px !important;padding-right : 0px !important;margin-right : 2.88%;padding-bottom : 0px !important;padding-left : 0px !important;margin-left : 2.88%;}@media only screen and (max-width:1024px) {.fusion-body .fusion-builder-column-5{width:100% !important;order : 0;}.fusion-builder-column-5 > .fusion-column-wrapper {margin-right : 1.92%;margin-left : 1.92%;}}@media only screen and (max-width:768px) {.fusion-body .fusion-builder-column-5{width:100% !important;order : 0;}.fusion-builder-column-5 > .fusion-column-wrapper {margin-right : 1.92%;margin-left : 1.92%;}}<\/style><\/div><div class=\"fusion-layout-column fusion_builder_column fusion-builder-column-6 fusion_builder_column_1_1 1_1 fusion-flex-column\"><div class=\"fusion-column-wrapper fusion-flex-justify-content-flex-start fusion-content-layout-column\" style=\"background-position:left top;background-repeat:no-repeat;-webkit-background-size:cover;-moz-background-size:cover;-o-background-size:cover;background-size:cover;padding: 0px 0px 0px 0px;\"><div style=\"text-align:center;\"><span class=\" fusion-imageframe imageframe-none imageframe-1 hover-type-none roundcorner\"><img width=\"1200\" height=\"769\" alt=\"Vibia - Join our team\" title=\"vibia-work-with-us\" src=\"https:\/\/vibia.dev\/wp-content\/uploads\/2022\/07\/vibia-work-with-us.jpg\" data-orig-src=\"https:\/\/pre.vibia.com\/wp-content\/uploads\/2022\/07\/vibia-work-with-us-1200x769.jpg\" class=\"lazyload img-responsive wp-image-267402\" srcset=\"data:image\/svg+xml,%3Csvg%20xmlns%3D%27http%3A%2F%2Fwww.w3.org%2F2000%2Fsvg%27%20width%3D%271560%27%20height%3D%271000%27%20viewBox%3D%270%200%201560%201000%27%3E%3Crect%20width%3D%271560%27%20height%3D%271000%27%20fill-opacity%3D%220%22%2F%3E%3C%2Fsvg%3E\" data-srcset=\"https:\/\/vibia.dev\/wp-content\/uploads\/2022\/07\/vibia-work-with-us-400x256.jpg 400w, https:\/\/vibia.dev\/wp-content\/uploads\/2022\/07\/vibia-work-with-us-600x385.jpg 600w, https:\/\/vibia.dev\/wp-content\/uploads\/2022\/07\/vibia-work-with-us-800x513.jpg 800w, https:\/\/vibia.dev\/wp-content\/uploads\/2022\/07\/vibia-work-with-us-1200x769.jpg 1200w, https:\/\/vibia.dev\/wp-content\/uploads\/2022\/07\/vibia-work-with-us.jpg 1560w\" data-sizes=\"auto\" data-orig-sizes=\"(max-width: 1024px) 100vw, (max-width: 768px) 100vw, 1200px\" \/><\/span><\/div><\/div><style type=\"text\/css\">.fusion-body .fusion-builder-column-6{width:100% !important;margin-top : 0px;margin-bottom : 20px;}.fusion-builder-column-6 > .fusion-column-wrapper {padding-top : 0px !important;padding-right : 0px !important;margin-right : 1.92%;padding-bottom : 0px !important;padding-left : 0px !important;margin-left : 1.92%;}@media only screen and (max-width:1024px) {.fusion-body .fusion-builder-column-6{width:100% !important;order : 0;}.fusion-builder-column-6 > .fusion-column-wrapper {margin-right : 1.92%;margin-left : 1.92%;}}@media only screen and (max-width:768px) {.fusion-body .fusion-builder-column-6{width:100% !important;order : 0;}.fusion-builder-column-6 > .fusion-column-wrapper {margin-right : 1.92%;margin-left : 1.92%;}}<\/style><\/div><div class=\"fusion-layout-column fusion_builder_column fusion-builder-column-7 fusion_builder_column_2_3 2_3 fusion-flex-column\"><div class=\"fusion-column-wrapper fusion-flex-justify-content-flex-start fusion-content-layout-column\" style=\"background-position:left top;background-repeat:no-repeat;-webkit-background-size:cover;-moz-background-size:cover;-o-background-size:cover;background-size:cover;padding: 0px 0px 0px 0px;\"><div class=\"fusion-text fusion-text-5 tipomob22 hqcities light\" style=\"text-align:left;font-size:28px;line-height:36px;letter-spacing:var(--awb-typography4-letter-spacing);text-transform:var(--awb-typography4-text-transform);\"><p>Hauptsitz in <strong>Barcelona<\/strong><br \/>\nUS Filiale in <strong>New Jersey<\/strong><br \/>\nZweigstellen in <strong>London<\/strong>, <strong>Dubai<\/strong> und <strong>Singapur<\/strong><br \/>\nVor Ort in <strong>103 L\u00e4ndern<\/strong> weltweit<\/p>\n<\/div><div class=\"fusion-separator fusion-no-small-visibility fusion-full-width-sep\" style=\"align-self: center;margin-left: auto;margin-right: auto;width:100%;\"><\/div><\/div><style type=\"text\/css\">.fusion-body .fusion-builder-column-7{width:66.666666666667% !important;margin-top : 0px;margin-bottom : 20px;}.fusion-builder-column-7 > .fusion-column-wrapper {padding-top : 0px !important;padding-right : 0px !important;margin-right : 2.88%;padding-bottom : 0px !important;padding-left : 0px !important;margin-left : 2.88%;}@media only screen and (max-width:1024px) {.fusion-body .fusion-builder-column-7{width:100% !important;order : 0;}.fusion-builder-column-7 > .fusion-column-wrapper {margin-right : 1.92%;margin-left : 1.92%;}}@media only screen and (max-width:768px) {.fusion-body .fusion-builder-column-7{width:100% !important;order : 0;}.fusion-builder-column-7 > .fusion-column-wrapper {margin-right : 1.92%;margin-left : 1.92%;}}<\/style><\/div><div class=\"fusion-layout-column fusion_builder_column fusion-builder-column-8 fusion_builder_column_1_1 1_1 fusion-flex-column\"><div class=\"fusion-column-wrapper fusion-flex-justify-content-flex-start fusion-content-layout-column\" style=\"background-position:left top;background-repeat:no-repeat;-webkit-background-size:cover;-moz-background-size:cover;-o-background-size:cover;background-size:cover;padding: 0px 0px 0px 0px;\"><div class=\"fusion-separator fusion-full-width-sep pad20\" style=\"align-self: center;margin-left: auto;margin-right: auto;margin-top:20px;margin-bottom:0px;width:100%;\"><div class=\"fusion-separator-border sep-single sep-solid\" style=\"border-color:var(--awb-color8);border-top-width:1px;\"><\/div><\/div><\/div><style type=\"text\/css\">.fusion-body .fusion-builder-column-8{width:100% !important;margin-top : 0px;margin-bottom : 0px;}.fusion-builder-column-8 > .fusion-column-wrapper {padding-top : 0px !important;padding-right : 0px !important;margin-right : 1.92%;padding-bottom : 0px !important;padding-left : 0px !important;margin-left : 1.92%;}@media only screen and (max-width:1024px) {.fusion-body .fusion-builder-column-8{width:100% !important;order : 0;}.fusion-builder-column-8 > .fusion-column-wrapper {margin-right : 1.92%;margin-left : 1.92%;}}@media only screen and (max-width:768px) {.fusion-body .fusion-builder-column-8{width:100% !important;order : 0;}.fusion-builder-column-8 > .fusion-column-wrapper {margin-right : 1.92%;margin-left : 1.92%;}}<\/style><\/div><div class=\"fusion-layout-column fusion_builder_column fusion-builder-column-9 fusion_builder_column_1_3 1_3 fusion-flex-column\"><div class=\"fusion-column-wrapper fusion-flex-justify-content-flex-start fusion-content-layout-column\" style=\"background-position:left top;background-repeat:no-repeat;-webkit-background-size:cover;-moz-background-size:cover;-o-background-size:cover;background-size:cover;padding: 0px 0px 0px 0px;\"><div class=\"fusion-text fusion-text-6 medium\" style=\"text-align:left;font-size:22px;line-height:var(--awb-typography4-line-height);letter-spacing:var(--awb-typography4-letter-spacing);text-transform:var(--awb-typography4-text-transform);\"><p>Was suchen wir?<\/p>\n<\/div><\/div><style type=\"text\/css\">.fusion-body .fusion-builder-column-9{width:33.333333333333% !important;margin-top : 0px;margin-bottom : 20px;}.fusion-builder-column-9 > .fusion-column-wrapper {padding-top : 0px !important;padding-right : 0px !important;margin-right : 5.76%;padding-bottom : 0px !important;padding-left : 0px !important;margin-left : 5.76%;}@media only screen and (max-width:1024px) {.fusion-body .fusion-builder-column-9{width:100% !important;order : 0;}.fusion-builder-column-9 > .fusion-column-wrapper {margin-right : 1.92%;margin-left : 1.92%;}}@media only screen and (max-width:768px) {.fusion-body .fusion-builder-column-9{width:100% !important;order : 0;}.fusion-builder-column-9 > .fusion-column-wrapper {margin-right : 1.92%;margin-left : 1.92%;}}<\/style><\/div><div class=\"fusion-layout-column fusion_builder_column fusion-builder-column-10 fusion_builder_column_2_3 2_3 fusion-flex-column\"><div class=\"fusion-column-wrapper fusion-flex-justify-content-flex-start fusion-content-layout-column\" style=\"background-position:left top;background-repeat:no-repeat;-webkit-background-size:cover;-moz-background-size:cover;-o-background-size:cover;background-size:cover;padding: 0px 0px 0px 0px;\"><div class=\"fusion-text fusion-text-7\" style=\"text-align:left;font-size:18px;line-height:var(--awb-typography4-line-height);letter-spacing:var(--awb-typography4-letter-spacing);text-transform:var(--awb-typography4-text-transform);font-family:var(--awb-typography4-font-family);font-weight:var(--awb-typography4-font-weight);font-style:var(--awb-typography4-font-style);\"><p>Vibia steht f\u00fcr qualitative Handwerkskunst und Innovation, unterst\u00fctzt von verl\u00e4sslichem Service. Wir suchen nach kreativen Leuten, die gerne neues entdecken und die durch die Teilnahme an transversalen Projekten in einem internationalen Team beruflich und pers\u00f6nlich dazulernen wollen.<\/p>\n<\/div><div class=\"fusion-separator fusion-full-width-sep sep30\" style=\"align-self: center;margin-left: auto;margin-right: auto;width:100%;\"><\/div><div class=\"fusion-text fusion-text-8\" style=\"text-align:left;font-size:18px;line-height:var(--awb-typography4-line-height);letter-spacing:var(--awb-typography4-letter-spacing);text-transform:var(--awb-typography4-text-transform);font-family:var(--awb-typography4-font-family);font-weight:var(--awb-typography4-font-weight);font-style:var(--awb-typography4-font-style);\"><p>Klingt das nach Ihnen?<\/p>\n<\/div><div class=\"fusion-separator fusion-full-width-sep sep30\" style=\"align-self: center;margin-left: auto;margin-right: auto;width:100%;\"><\/div><div class=\"md-text-align-center sm-text-align-center\" style=\"text-align:left;\"><style>.fusion-body .fusion-button.button-1{border-color:var(--awb-color6);border-width:1px 1px 1px 1px;border-radius:30px 30px 30px 30px;background:rgba(160,206,78,0);letter-spacing:var(--awb-typography4-letter-spacing);font-family:var(--awb-typography4-font-family);font-weight:var(--awb-typography4-font-weight);font-style:var(--awb-typography4-font-style);}.fusion-body .fusion-button.button-1 .fusion-button-text,.fusion-body .fusion-button.button-1 i,.fusion-body .fusion-button.button-1:hover .fusion-button-text,.fusion-body .fusion-button.button-1:hover i,.fusion-body .fusion-button.button-1:focus .fusion-button-text,.fusion-body .fusion-button.button-1:focus i,.fusion-body .fusion-button.button-1:active .fusion-button-text,.fusion-body .fusion-button.button-1:active i{color:var(--awb-color6);}.fusion-body .fusion-button.button-1:hover,.fusion-body .fusion-button.button-1:active,.fusion-body .fusion-button.button-1:focus{border-color:var(--awb-color6);border-width:1px 1px 1px 1px;background:#dceb00;}<\/style><a class=\"fusion-button button-flat button-small button-custom button-1 fusion-button-default-span fusion-button-default-type newbutton\" target=\"_blank\" rel=\"noopener noreferrer\" href=\"https:\/\/vibia.typeform.com\/to\/JpjJT5jK\"><span class=\"fusion-button-text\">Werden Sie Teil unseres Teams<\/span><\/a><\/div><\/div><style type=\"text\/css\">.fusion-body .fusion-builder-column-10{width:66.666666666667% !important;margin-top : 0px;margin-bottom : 20px;}.fusion-builder-column-10 > .fusion-column-wrapper {padding-top : 0px !important;padding-right : 0px !important;margin-right : 2.88%;padding-bottom : 0px !important;padding-left : 0px !important;margin-left : 2.88%;}@media only screen and (max-width:1024px) {.fusion-body .fusion-builder-column-10{width:100% !important;order : 0;}.fusion-builder-column-10 > .fusion-column-wrapper {margin-right : 1.92%;margin-left : 1.92%;}}@media only screen and (max-width:768px) {.fusion-body .fusion-builder-column-10{width:100% !important;order : 0;}.fusion-builder-column-10 > .fusion-column-wrapper {margin-right : 1.92%;margin-left : 1.92%;}}<\/style><\/div><\/div><style type=\"text\/css\">.fusion-body .fusion-flex-container.fusion-builder-row-1{ padding-top : 120px;margin-top : 0;padding-right : 30px;padding-bottom : 120px;margin-bottom : 0;padding-left : 30px;}<\/style><\/div>\n","protected":false},"excerpt":{"rendered":"","protected":false},"author":277279,"featured_media":0,"parent":0,"menu_order":0,"comment_status":"closed","ping_status":"closed","template":"100-width.php","meta":[],"acf":[],"_links":{"self":[{"href":"https:\/\/vibia.dev\/de\/wp-json\/wp\/v2\/pages\/269644"}],"collection":[{"href":"https:\/\/vibia.dev\/de\/wp-json\/wp\/v2\/pages"}],"about":[{"href":"https:\/\/vibia.dev\/de\/wp-json\/wp\/v2\/types\/page"}],"author":[{"embeddable":true,"href":"https:\/\/vibia.dev\/de\/wp-json\/wp\/v2\/users\/277279"}],"replies":[{"embeddable":true,"href":"https:\/\/vibia.dev\/de\/wp-json\/wp\/v2\/comments?post=269644"}],"version-history":[{"count":10,"href":"https:\/\/vibia.dev\/de\/wp-json\/wp\/v2\/pages\/269644\/revisions"}],"predecessor-version":[{"id":299321,"href":"https:\/\/vibia.dev\/de\/wp-json\/wp\/v2\/pages\/269644\/revisions\/299321"}],"wp:attachment":[{"href":"https:\/\/vibia.dev\/de\/wp-json\/wp\/v2\/media?parent=269644"}],"curies":[{"name":"wp","href":"https:\/\/api.w.org\/{rel}","templated":true}]}}